{"id":37,"date":"2022-09-26T02:17:25","date_gmt":"2022-09-26T02:17:25","guid":{"rendered":"https:\/\/preview.gtd.eng.br\/?page_id=37"},"modified":"2026-03-29T18:28:49","modified_gmt":"2026-03-29T21:28:49","slug":"sobre","status":"publish","type":"page","link":"https:\/\/gtd.tec.br\/index.php\/sobre\/","title":{"rendered":"Sobre a GTD TEC"},"content":{"rendered":"\n<div class=\"wp-block-columns is-layout-flex wp-container-core-columns-is-layout-9d6595d7 wp-block-columns-is-layout-flex\">\n<div class=\"wp-block-column is-layout-flow wp-block-column-is-layout-flow\">\n<h3 class=\"wp-block-heading\"><strong>Conhe\u00e7a Nossos Pilares<\/strong><\/h3>\n\n\n\n<figure class=\"wp-block-image size-large is-style-default\"><img loading=\"lazy\" decoding=\"async\" width=\"1024\" height=\"576\" src=\"https:\/\/gtd.tec.br\/wp-content\/uploads\/2022\/09\/pexels-pixabay-207489-1024x576.jpg\" alt=\"\" class=\"wp-image-15\" srcset=\"https:\/\/gtd.tec.br\/wp-content\/uploads\/2022\/09\/pexels-pixabay-207489-1024x576.jpg 1024w, https:\/\/gtd.tec.br\/wp-content\/uploads\/2022\/09\/pexels-pixabay-207489-300x169.jpg 300w, https:\/\/gtd.tec.br\/wp-content\/uploads\/2022\/09\/pexels-pixabay-207489-768x432.jpg 768w, https:\/\/gtd.tec.br\/wp-content\/uploads\/2022\/09\/pexels-pixabay-207489-1536x864.jpg 1536w, https:\/\/gtd.tec.br\/wp-content\/uploads\/2022\/09\/pexels-pixabay-207489.jpg 1920w\" sizes=\"auto, (max-width: 1024px) 100vw, 1024px\" \/><\/figure>\n<\/div>\n\n\n\n<div class=\"wp-block-column is-layout-flow wp-block-column-is-layout-flow\">\n<h3 class=\"wp-block-heading\"><strong>Nossa Miss\u00e3o<\/strong><\/h3>\n\n\n\n<p>Investigar e identificar oportunidades ou lacunas tecnol\u00f3gicas para pesquisar e desenvolver solu\u00e7\u00f5es que promovam o desenvolvimento consistente e sustent\u00e1vel das empresas e da sociedade<\/p>\n<\/div>\n<\/div>\n\n\n\n<div class=\"wp-block-columns is-layout-flex wp-container-core-columns-is-layout-9d6595d7 wp-block-columns-is-layout-flex\">\n<div class=\"wp-block-column is-layout-flow wp-block-column-is-layout-flow\">\n<h3 class=\"wp-block-heading\"><strong>Nossa Vis\u00e3o<\/strong><\/h3>\n\n\n\n<p>Manter-se na vanguarda da integra\u00e7\u00e3o de servi\u00e7os multidisciplinares de tecnologia para toda cadeia de GTD e C inteligente (\u201c<em>Smart Grid<\/em>\u201d)<\/p>\n<\/div>\n\n\n\n<div class=\"wp-block-column is-layout-flow wp-block-column-is-layout-flow\">\n<h3 class=\"wp-block-heading\"><strong>Nossos Valores<\/strong><\/h3>\n\n\n\n<p>Integridade e Comprometimento<\/p>\n<\/div>\n<\/div>\n","protected":false},"excerpt":{"rendered":"<p>Conhe\u00e7a Nossos Pilares Nossa Miss\u00e3o Investigar e identificar oportunidades ou lacunas tecnol\u00f3gicas para pesquisar e [&hellip;]<\/p>\n","protected":false},"author":1,"featured_media":0,"parent":0,"menu_order":0,"comment_status":"closed","ping_status":"closed","template":"","meta":{"om_disable_all_campaigns":false,"_monsterinsights_skip_tracking":false,"_monsterinsights_sitenote_active":false,"_monsterinsights_sitenote_note":"","_monsterinsights_sitenote_category":0,"footnotes":""},"class_list":["post-37","page","type-page","status-publish","hentry"],"aioseo_notices":[],"_links":{"self":[{"href":"https:\/\/gtd.tec.br\/index.php\/wp-json\/wp\/v2\/pages\/37","targetHints":{"allow":["GET"]}}],"collection":[{"href":"https:\/\/gtd.tec.br\/index.php\/wp-json\/wp\/v2\/pages"}],"about":[{"href":"https:\/\/gtd.tec.br\/index.php\/wp-json\/wp\/v2\/types\/page"}],"author":[{"embeddable":true,"href":"https:\/\/gtd.tec.br\/index.php\/wp-json\/wp\/v2\/users\/1"}],"replies":[{"embeddable":true,"href":"https:\/\/gtd.tec.br\/index.php\/wp-json\/wp\/v2\/comments?post=37"}],"version-history":[{"count":2,"href":"https:\/\/gtd.tec.br\/index.php\/wp-json\/wp\/v2\/pages\/37\/revisions"}],"predecessor-version":[{"id":86,"href":"https:\/\/gtd.tec.br\/index.php\/wp-json\/wp\/v2\/pages\/37\/revisions\/86"}],"wp:attachment":[{"href":"https:\/\/gtd.tec.br\/index.php\/wp-json\/wp\/v2\/media?parent=37"}],"curies":[{"name":"wp","href":"https:\/\/api.w.org\/{rel}","templated":true}]}}