{"id":32,"date":"2022-09-26T02:17:54","date_gmt":"2022-09-26T02:17:54","guid":{"rendered":"https:\/\/preview.gtd.eng.br\/?page_id=32"},"modified":"2026-03-29T18:29:22","modified_gmt":"2026-03-29T21:29:22","slug":"solucoes-e-servicos","status":"publish","type":"page","link":"https:\/\/gtd.tec.br\/index.php\/solucoes-e-servicos\/","title":{"rendered":"Solu\u00e7\u00f5es e Servi\u00e7os"},"content":{"rendered":"\n<div class=\"wp-block-columns is-layout-flex wp-container-core-columns-is-layout-9d6595d7 wp-block-columns-is-layout-flex\">\n<div class=\"wp-block-column is-layout-flow wp-block-column-is-layout-flow\">\n<h3 class=\"wp-block-heading\"><strong>Gerando e Transmitindo Conhecimento<\/strong><\/h3>\n\n\n\n<figure class=\"wp-block-image size-large\"><img loading=\"lazy\" decoding=\"async\" width=\"1024\" height=\"683\" src=\"https:\/\/gtd.tec.br\/wp-content\/uploads\/2022\/09\/pexels-pixabay-159279-scaled-1-1024x683.jpg\" alt=\"\" class=\"wp-image-13\" srcset=\"https:\/\/gtd.tec.br\/wp-content\/uploads\/2022\/09\/pexels-pixabay-159279-scaled-1-1024x683.jpg 1024w, https:\/\/gtd.tec.br\/wp-content\/uploads\/2022\/09\/pexels-pixabay-159279-scaled-1-300x200.jpg 300w, https:\/\/gtd.tec.br\/wp-content\/uploads\/2022\/09\/pexels-pixabay-159279-scaled-1-768x512.jpg 768w, https:\/\/gtd.tec.br\/wp-content\/uploads\/2022\/09\/pexels-pixabay-159279-scaled-1-1536x1024.jpg 1536w, https:\/\/gtd.tec.br\/wp-content\/uploads\/2022\/09\/pexels-pixabay-159279-scaled-1-2048x1366.jpg 2048w\" sizes=\"auto, (max-width: 1024px) 100vw, 1024px\" \/><\/figure>\n<\/div>\n\n\n\n<div class=\"wp-block-column is-layout-flow wp-block-column-is-layout-flow\">\n<h3 class=\"wp-block-heading\"><strong><strong><strong>Solu\u00e7\u00f5es Estrat\u00e9gicas para Neg\u00f3cios<\/strong><\/strong><\/strong><\/h3>\n\n\n\n<p class=\"has-black-color has-text-color has-link-color wp-elements-8b3799a3438a73001e69fdd9971a6186\">Explore o potencial do seu empreendimento com nossas solu\u00e7\u00f5es especializadas. Nosso compromisso \u00e9 impulsionar o sucesso da sua empresa atrav\u00e9s de:<\/p>\n\n\n\n<p><strong>Pesquisa e Desenvolvimento em Sistemas Energ\u00e9ticos e de Pot\u00eancia<\/strong><\/p>\n\n\n\n<ul class=\"wp-block-list\">\n<li>Desenvolvemos solu\u00e7\u00f5es inovadoras aplicadas aos desafios energ\u00e9ticos, garantindo efici\u00eancia e sustentabilidade.<\/li>\n<\/ul>\n\n\n\n<p><strong>Aprendizado de M\u00e1quina e Modelagem Computacional<\/strong><\/p>\n\n\n\n<ul class=\"wp-block-list\">\n<li>Utilizamos t\u00e9cnicas avan\u00e7adas de <em>Machine Learning<\/em> para otimizar processos e aprimorar a performance dos sistemas.<\/li>\n<\/ul>\n\n\n\n<p><strong>Estrutura\u00e7\u00e3o da Gest\u00e3o Tecnol\u00f3gica e Integra\u00e7\u00e3o da Inova\u00e7\u00e3o Aberta<\/strong><\/p>\n\n\n\n<ul class=\"wp-block-list\">\n<li>Transformamos a gest\u00e3o tecnol\u00f3gica, promovendo a integra\u00e7\u00e3o da inova\u00e7\u00e3o aberta para impulsionar o crescimento.<\/li>\n<\/ul>\n\n\n\n<p><strong>Planejamento e Otimiza\u00e7\u00e3o de Projetos, Sistemas e Processos<\/strong><\/p>\n\n\n\n<ul class=\"wp-block-list\">\n<li>Maximize a efici\u00eancia operacional com nosso planejamento estrat\u00e9gico e otimiza\u00e7\u00e3o de projetos e processos.<\/li>\n<\/ul>\n\n\n\n<p><strong>Cria\u00e7\u00e3o de Padroniza\u00e7\u00f5es, Metodologias e Normas T\u00e9cnicas<\/strong><\/p>\n\n\n\n<ul class=\"wp-block-list\">\n<li>Estabelecemos padr\u00f5es de excel\u00eancia, criando metodologias e normas t\u00e9cnicas para garantir a qualidade dos seus processos.<\/li>\n<\/ul>\n\n\n\n<p><strong>Treinamentos T\u00e9cnicos<\/strong><\/p>\n\n\n\n<ul class=\"wp-block-list\">\n<li>Capacitamos sua equipe com treinamentos t\u00e9cnicos especializados, garantindo a excel\u00eancia no desempenho.<\/li>\n<\/ul>\n<\/div>\n<\/div>\n\n\n\n<div class=\"wp-block-columns is-layout-flex wp-container-core-columns-is-layout-9d6595d7 wp-block-columns-is-layout-flex\">\n<div class=\"wp-block-column is-layout-flow wp-block-column-is-layout-flow\">\n<h3 class=\"wp-block-heading\"><strong><strong><strong>Inova\u00e7\u00e3o para Novos Projetos<\/strong><\/strong><\/strong><\/h3>\n\n\n\n<p>Conduza seus novos projetos ao sucesso com nossas solu\u00e7\u00f5es especializadas. Oferecemos expertise em:<\/p>\n\n\n\n<p><strong>Especifica\u00e7\u00e3o de Equipamentos e Projetos de Sistemas El\u00e9tricos<\/strong><\/p>\n\n\n\n<ul class=\"wp-block-list\">\n<li>Detalhamos as especifica\u00e7\u00f5es de equipamentos e projetos el\u00e9tricos para garantir confiabilidade e efici\u00eancia desde a concep\u00e7\u00e3o.<\/li>\n<\/ul>\n\n\n\n<p><strong>Revis\u00e3o T\u00e9cnica de Propostas e Projetos (&#8220;<em>Design Review<\/em>&#8220;)<\/strong><\/p>\n\n\n\n<ul class=\"wp-block-list\">\n<li>Realizamos revis\u00f5es t\u00e9cnicas detalhadas de propostas e projetos para assegurar a qualidade e a conformidade com padr\u00f5es elevados.<\/li>\n<\/ul>\n\n\n\n<p><strong>Inspe\u00e7\u00e3o de Fabrica\u00e7\u00e3o e Ensaios de Desempenho de M\u00e1quinas El\u00e9tricas<\/strong><\/p>\n\n\n\n<ul class=\"wp-block-list\">\n<li>Avaliamos a qualidade do processo de fabrica\u00e7\u00e3o e dos ensaios de desempenho em m\u00e1quinas el\u00e9tricas.<\/li>\n<\/ul>\n<\/div>\n\n\n\n<div class=\"wp-block-column is-layout-flow wp-block-column-is-layout-flow\">\n<h3 class=\"wp-block-heading\"><strong><strong><strong>Aprimore sua Base Instalada Conosco<\/strong><\/strong><\/strong><\/h3>\n\n\n\n<p>Valorize sua base instalada com nossas solu\u00e7\u00f5es especializadas. Oferecemos expertise em:<\/p>\n\n\n\n<p><strong>An\u00e1lise e Diagn\u00f3stico de Defeitos Iminentes<\/strong><\/p>\n\n\n\n<ul class=\"wp-block-list\">\n<li>Identificamos e diagnosticamos defeitos iminentes para garantir a integridade e a confiabilidade de seus equipamentos.<\/li>\n<\/ul>\n\n\n\n<p><strong>Disseca\u00e7\u00e3o e Investiga\u00e7\u00e3o &#8220;<em>Post Mortem<\/em>&#8221; de Equipamentos<\/strong><\/p>\n\n\n\n<ul class=\"wp-block-list\">\n<li>Realizamos an\u00e1lises detalhadas e investiga\u00e7\u00f5es &#8220;<em>post mortem<\/em>&#8221; para entender as causas raiz de falhas e aprimorar a durabilidade de seus equipamentos remanescentes.<\/li>\n<\/ul>\n\n\n\n<p><strong>Per\u00edcia T\u00e9cnica e Elabora\u00e7\u00e3o de Laudos<\/strong><\/p>\n\n\n\n<ul class=\"wp-block-list\">\n<li>Fornecemos per\u00edcia t\u00e9cnica especializada e elaboramos laudos detalhados para embasar suas decis\u00f5es e a\u00e7\u00f5es.<\/li>\n<\/ul>\n<\/div>\n<\/div>\n\n\n\n<p><\/p>\n","protected":false},"excerpt":{"rendered":"<p>Gerando e Transmitindo Conhecimento Solu\u00e7\u00f5es Estrat\u00e9gicas para Neg\u00f3cios Explore o potencial do seu empreendimento com [&hellip;]<\/p>\n","protected":false},"author":1,"featured_media":0,"parent":0,"menu_order":0,"comment_status":"closed","ping_status":"closed","template":"","meta":{"om_disable_all_campaigns":false,"_monsterinsights_skip_tracking":false,"_monsterinsights_sitenote_active":false,"_monsterinsights_sitenote_note":"","_monsterinsights_sitenote_category":0,"footnotes":""},"class_list":["post-32","page","type-page","status-publish","hentry"],"aioseo_notices":[],"_links":{"self":[{"href":"https:\/\/gtd.tec.br\/index.php\/wp-json\/wp\/v2\/pages\/32","targetHints":{"allow":["GET"]}}],"collection":[{"href":"https:\/\/gtd.tec.br\/index.php\/wp-json\/wp\/v2\/pages"}],"about":[{"href":"https:\/\/gtd.tec.br\/index.php\/wp-json\/wp\/v2\/types\/page"}],"author":[{"embeddable":true,"href":"https:\/\/gtd.tec.br\/index.php\/wp-json\/wp\/v2\/users\/1"}],"replies":[{"embeddable":true,"href":"https:\/\/gtd.tec.br\/index.php\/wp-json\/wp\/v2\/comments?post=32"}],"version-history":[{"count":6,"href":"https:\/\/gtd.tec.br\/index.php\/wp-json\/wp\/v2\/pages\/32\/revisions"}],"predecessor-version":[{"id":90,"href":"https:\/\/gtd.tec.br\/index.php\/wp-json\/wp\/v2\/pages\/32\/revisions\/90"}],"wp:attachment":[{"href":"https:\/\/gtd.tec.br\/index.php\/wp-json\/wp\/v2\/media?parent=32"}],"curies":[{"name":"wp","href":"https:\/\/api.w.org\/{rel}","templated":true}]}}